{"id":2649,"date":"2019-09-09T17:15:53","date_gmt":"2019-09-09T15:15:53","guid":{"rendered":"https:\/\/fabriziovonarx.com\/?page_id=2649"},"modified":"2022-11-16T16:01:02","modified_gmt":"2022-11-16T15:01:02","slug":"news","status":"publish","type":"page","link":"https:\/\/fabriziovonarx.com\/it\/news\/","title":{"rendered":"Notizie"},"content":{"rendered":"<div data-elementor-type=\"wp-page\" data-elementor-id=\"2649\" class=\"elementor elementor-2649\" data-elementor-post-type=\"page\">\n\t\t\t\t\t\t<section class=\"elementor-section elementor-top-section elementor-element elementor-element-3af98376 elementor-section-height-min-height elementor-section-items-top elementor-section-boxed elementor-section-height-default\" data-id=\"3af98376\" data-element_type=\"section\" data-e-type=\"section\" data-settings=\"{&quot;jet_parallax_layout_list&quot;:[],&quot;background_background&quot;:&quot;classic&quot;}\">\n\t\t\t\t\t\t<div class=\"elementor-container elementor-column-gap-default\">\n\t\t\t\t\t<div class=\"elementor-column elementor-col-100 elementor-top-column elementor-element elementor-element-509bba59\" data-id=\"509bba59\" data-element_type=\"column\" data-e-type=\"column\">\n\t\t\t<div class=\"elementor-widget-wrap elementor-element-populated\">\n\t\t\t\t\t\t<div class=\"elementor-element elementor-element-3e27c849 elementor-widget elementor-widget-heading\" data-id=\"3e27c849\" data-element_type=\"widget\" data-e-type=\"widget\" data-widget_type=\"heading.default\">\n\t\t\t\t<div class=\"elementor-widget-container\">\n\t\t\t\t\t<h1 class=\"elementor-heading-title elementor-size-default\">NOTIZIE<\/h1>\t\t\t\t<\/div>\n\t\t\t\t<\/div>\n\t\t\t\t<div class=\"elementor-element elementor-element-6af206e6 elementor-widget elementor-widget-spacer\" data-id=\"6af206e6\" data-element_type=\"widget\" data-e-type=\"widget\" data-widget_type=\"spacer.default\">\n\t\t\t\t<div class=\"elementor-widget-container\">\n\t\t\t\t\t\t\t<div class=\"elementor-spacer\">\n\t\t\t<div class=\"elementor-spacer-inner\"><\/div>\n\t\t<\/div>\n\t\t\t\t\t\t<\/div>\n\t\t\t\t<\/div>\n\t\t\t\t<div class=\"elementor-element elementor-element-6451392b elementor-widget elementor-widget-heading\" data-id=\"6451392b\" data-element_type=\"widget\" data-e-type=\"widget\" data-widget_type=\"heading.default\">\n\t\t\t\t<div class=\"elementor-widget-container\">\n\t\t\t\t\t<span class=\"elementor-heading-title elementor-size-default\">\u201cL\u2019invenzione del violino \u00e8 un presagio di musica: il violino \u00e8 un prodigio di anima e di emozione vibrante che ognuno porta in s\u00e9\u201d.<\/span>\t\t\t\t<\/div>\n\t\t\t\t<\/div>\n\t\t\t\t<div class=\"elementor-element elementor-element-534fbee7 elementor-widget elementor-widget-heading\" data-id=\"534fbee7\" data-element_type=\"widget\" data-e-type=\"widget\" data-widget_type=\"heading.default\">\n\t\t\t\t<div class=\"elementor-widget-container\">\n\t\t\t\t\t<h2 class=\"elementor-heading-title elementor-size-default\">Fabrizio von Arx<\/h2>\t\t\t\t<\/div>\n\t\t\t\t<\/div>\n\t\t\t\t<div class=\"elementor-element elementor-element-2f1eaf58 elementor-widget elementor-widget-spacer\" data-id=\"2f1eaf58\" data-element_type=\"widget\" data-e-type=\"widget\" data-widget_type=\"spacer.default\">\n\t\t\t\t<div class=\"elementor-widget-container\">\n\t\t\t\t\t\t\t<div class=\"elementor-spacer\">\n\t\t\t<div class=\"elementor-spacer-inner\"><\/div>\n\t\t<\/div>\n\t\t\t\t\t\t<\/div>\n\t\t\t\t<\/div>\n\t\t\t\t<div class=\"elementor-element elementor-element-3a109f6a elementor-posts--align-left elementor-grid-3 elementor-grid-tablet-2 elementor-grid-mobile-1 elementor-posts--thumbnail-top elementor-posts__hover-gradient elementor-widget elementor-widget-posts\" data-id=\"3a109f6a\" data-element_type=\"widget\" data-e-type=\"widget\" data-settings=\"{&quot;cards_columns&quot;:&quot;3&quot;,&quot;cards_columns_tablet&quot;:&quot;2&quot;,&quot;cards_columns_mobile&quot;:&quot;1&quot;,&quot;cards_row_gap&quot;:{&quot;unit&quot;:&quot;px&quot;,&quot;size&quot;:35,&quot;sizes&quot;:[]},&quot;cards_row_gap_widescreen&quot;:{&quot;unit&quot;:&quot;px&quot;,&quot;size&quot;:&quot;&quot;,&quot;sizes&quot;:[]},&quot;cards_row_gap_laptop&quot;:{&quot;unit&quot;:&quot;px&quot;,&quot;size&quot;:&quot;&quot;,&quot;sizes&quot;:[]},&quot;cards_row_gap_tablet_extra&quot;:{&quot;unit&quot;:&quot;px&quot;,&quot;size&quot;:&quot;&quot;,&quot;sizes&quot;:[]},&quot;cards_row_gap_tablet&quot;:{&quot;unit&quot;:&quot;px&quot;,&quot;size&quot;:&quot;&quot;,&quot;sizes&quot;:[]},&quot;cards_row_gap_mobile_extra&quot;:{&quot;unit&quot;:&quot;px&quot;,&quot;size&quot;:&quot;&quot;,&quot;sizes&quot;:[]},&quot;cards_row_gap_mobile&quot;:{&quot;unit&quot;:&quot;px&quot;,&quot;size&quot;:&quot;&quot;,&quot;sizes&quot;:[]}}\" data-widget_type=\"posts.cards\">\n\t\t\t\t<div class=\"elementor-widget-container\">\n\t\t\t\t\t\t\t<div class=\"elementor-posts-container elementor-posts elementor-posts--skin-cards elementor-grid\" role=\"list\">\n\t\t\t\t<article class=\"elementor-post elementor-grid-item post-3757 post type-post status-publish format-standard has-post-thumbnail hentry category-uncategorized\" role=\"listitem\">\n\t\t\t<div class=\"elementor-post__card\">\n\t\t\t\t<a class=\"elementor-post__thumbnail__link\" href=\"https:\/\/fabriziovonarx.com\/it\/fabrizio-von-arx-et-casa-stradivari-creation-transmission-et-heritage-a-hirson\/\" tabindex=\"-1\" ><div class=\"elementor-post__thumbnail\"><img fetchpriority=\"high\" decoding=\"async\" width=\"1200\" height=\"1600\" src=\"https:\/\/fabriziovonarx.com\/wp-content\/uploads\/2026\/01\/62793260-35a8-a2b3-2c44-57f4689071d8.jpg\" class=\"attachment-full size-full wp-image-3759\" alt=\"\" srcset=\"https:\/\/fabriziovonarx.com\/wp-content\/uploads\/2026\/01\/62793260-35a8-a2b3-2c44-57f4689071d8.jpg 1200w, https:\/\/fabriziovonarx.com\/wp-content\/uploads\/2026\/01\/62793260-35a8-a2b3-2c44-57f4689071d8-225x300.jpg 225w, https:\/\/fabriziovonarx.com\/wp-content\/uploads\/2026\/01\/62793260-35a8-a2b3-2c44-57f4689071d8-768x1024.jpg 768w, https:\/\/fabriziovonarx.com\/wp-content\/uploads\/2026\/01\/62793260-35a8-a2b3-2c44-57f4689071d8-1152x1536.jpg 1152w, https:\/\/fabriziovonarx.com\/wp-content\/uploads\/2026\/01\/62793260-35a8-a2b3-2c44-57f4689071d8-9x12.jpg 9w\" sizes=\"(max-width: 1200px) 100vw, 1200px\" \/><\/div><\/a>\n\t\t\t\t<div class=\"elementor-post__text\">\n\t\t\t\t<h3 class=\"elementor-post__title\">\n\t\t\t<a href=\"https:\/\/fabriziovonarx.com\/it\/fabrizio-von-arx-et-casa-stradivari-creation-transmission-et-heritage-a-hirson\/\" >\n\t\t\t\tFabrizio von Arx et Casa Stradivari : cr\u00e9ation, transmission et h\u00e9ritage \u00e0 Hirson\t\t\t<\/a>\n\t\t<\/h3>\n\t\t\t\t<div class=\"elementor-post__excerpt\">\n\t\t\t<p>Les 17 et 18 octobre 2025, la Fondazione Casa Stradivari a \u00e9t\u00e9 invit\u00e9e par le pianiste Kit Armstrong \u00e0 l\u2019\u00e9glise Sainte-Th\u00e9r\u00e8se de Hirson (France) pour deux journ\u00e9es consacr\u00e9es \u00e0 la lutherie et \u00e0 la musique d\u2019excellence.<\/p>\n\t\t<\/div>\n\t\t\n\t\t<a class=\"elementor-post__read-more\" href=\"https:\/\/fabriziovonarx.com\/it\/fabrizio-von-arx-et-casa-stradivari-creation-transmission-et-heritage-a-hirson\/\" aria-label=\"Leggi tutto Fabrizio von Arx et Casa Stradivari : cr\u00e9ation, transmission et h\u00e9ritage \u00e0 Hirson\" tabindex=\"-1\" >\n\t\t\tLEGGI DI PI\u00d9 \u00bb\t\t<\/a>\n\n\t\t\t\t<\/div>\n\t\t\t\t<div class=\"elementor-post__meta-data\">\n\t\t\t\t\t<span class=\"elementor-post-date\">\n\t\t\t20\/11\/2025\t\t<\/span>\n\t\t\t\t<\/div>\n\t\t\t\t\t<\/div>\n\t\t<\/article>\n\t\t\t\t<article class=\"elementor-post elementor-grid-item post-3734 post type-post status-publish format-standard has-post-thumbnail hentry category-uncategorized\" role=\"listitem\">\n\t\t\t<div class=\"elementor-post__card\">\n\t\t\t\t<a class=\"elementor-post__thumbnail__link\" href=\"https:\/\/fabriziovonarx.com\/it\/le-stradivarius-the-angel-et-fabrizio-von-arx-a-lexposition-universelle-dosaka-2025\/\" tabindex=\"-1\" ><div class=\"elementor-post__thumbnail\"><img decoding=\"async\" width=\"2000\" height=\"1300\" src=\"https:\/\/fabriziovonarx.com\/wp-content\/uploads\/2025\/10\/FVA-osaka.jpg\" class=\"attachment-full size-full wp-image-3735\" alt=\"\" srcset=\"https:\/\/fabriziovonarx.com\/wp-content\/uploads\/2025\/10\/FVA-osaka.jpg 2000w, https:\/\/fabriziovonarx.com\/wp-content\/uploads\/2025\/10\/FVA-osaka-300x195.jpg 300w, https:\/\/fabriziovonarx.com\/wp-content\/uploads\/2025\/10\/FVA-osaka-1024x666.jpg 1024w, https:\/\/fabriziovonarx.com\/wp-content\/uploads\/2025\/10\/FVA-osaka-768x499.jpg 768w, https:\/\/fabriziovonarx.com\/wp-content\/uploads\/2025\/10\/FVA-osaka-1536x998.jpg 1536w, https:\/\/fabriziovonarx.com\/wp-content\/uploads\/2025\/10\/FVA-osaka-18x12.jpg 18w\" sizes=\"(max-width: 2000px) 100vw, 2000px\" \/><\/div><\/a>\n\t\t\t\t<div class=\"elementor-post__text\">\n\t\t\t\t<h3 class=\"elementor-post__title\">\n\t\t\t<a href=\"https:\/\/fabriziovonarx.com\/it\/le-stradivarius-the-angel-et-fabrizio-von-arx-a-lexposition-universelle-dosaka-2025\/\" >\n\t\t\t\tLe Stradivarius \u201cThe Angel\u201d et Fabrizio von Arx \u00e0 l\u2019Exposition universelle d\u2019Osaka 2025\t\t\t<\/a>\n\t\t<\/h3>\n\t\t\t\t<div class=\"elementor-post__excerpt\">\n\t\t\t<p>Le Stradivarius \u201cThe Angel\u201d, confi\u00e9 au violoniste Fabrizio von Arx, a pris part \u00e0 l\u2019Exposition universelle d\u2019Osaka 2025, o\u00f9 il a repr\u00e9sent\u00e0 avec \u00e9clat la r\u00e9gion de Lombardie.<\/p>\n\t\t<\/div>\n\t\t\n\t\t<a class=\"elementor-post__read-more\" href=\"https:\/\/fabriziovonarx.com\/it\/le-stradivarius-the-angel-et-fabrizio-von-arx-a-lexposition-universelle-dosaka-2025\/\" aria-label=\"Leggi tutto Le Stradivarius \u201cThe Angel\u201d et Fabrizio von Arx \u00e0 l\u2019Exposition universelle d\u2019Osaka 2025\" tabindex=\"-1\" >\n\t\t\tLEGGI DI PI\u00d9 \u00bb\t\t<\/a>\n\n\t\t\t\t<\/div>\n\t\t\t\t<div class=\"elementor-post__meta-data\">\n\t\t\t\t\t<span class=\"elementor-post-date\">\n\t\t\t14\/10\/2025\t\t<\/span>\n\t\t\t\t<\/div>\n\t\t\t\t\t<\/div>\n\t\t<\/article>\n\t\t\t\t<article class=\"elementor-post elementor-grid-item post-3694 post type-post status-publish format-standard has-post-thumbnail hentry category-uncategorized\" role=\"listitem\">\n\t\t\t<div class=\"elementor-post__card\">\n\t\t\t\t<a class=\"elementor-post__thumbnail__link\" href=\"https:\/\/fabriziovonarx.com\/it\/les-secrets-de-stradivari\/\" tabindex=\"-1\" ><div class=\"elementor-post__thumbnail\"><img decoding=\"async\" width=\"1922\" height=\"1080\" src=\"https:\/\/fabriziovonarx.com\/wp-content\/uploads\/2024\/12\/image002.jpg\" class=\"attachment-full size-full wp-image-3706\" alt=\"\" srcset=\"https:\/\/fabriziovonarx.com\/wp-content\/uploads\/2024\/12\/image002.jpg 1922w, https:\/\/fabriziovonarx.com\/wp-content\/uploads\/2024\/12\/image002-300x169.jpg 300w, https:\/\/fabriziovonarx.com\/wp-content\/uploads\/2024\/12\/image002-1024x575.jpg 1024w, https:\/\/fabriziovonarx.com\/wp-content\/uploads\/2024\/12\/image002-768x432.jpg 768w, https:\/\/fabriziovonarx.com\/wp-content\/uploads\/2024\/12\/image002-1536x863.jpg 1536w, https:\/\/fabriziovonarx.com\/wp-content\/uploads\/2024\/12\/image002-18x10.jpg 18w\" sizes=\"(max-width: 1922px) 100vw, 1922px\" \/><\/div><\/a>\n\t\t\t\t<div class=\"elementor-post__text\">\n\t\t\t\t<h3 class=\"elementor-post__title\">\n\t\t\t<a href=\"https:\/\/fabriziovonarx.com\/it\/les-secrets-de-stradivari\/\" >\n\t\t\t\tLes secrets de Stradivari\t\t\t<\/a>\n\t\t<\/h3>\n\t\t\t\t<div class=\"elementor-post__excerpt\">\n\t\t\t<p>Et si vous d\u00e9couvriez ou red\u00e9couvriez 300 ans d\u2019histoire de la musique classique \u00e0 travers un g\u00e9nie de la lutherie : Antonio Stradivari, un violon<\/p>\n\t\t<\/div>\n\t\t\n\t\t<a class=\"elementor-post__read-more\" href=\"https:\/\/fabriziovonarx.com\/it\/les-secrets-de-stradivari\/\" aria-label=\"Leggi tutto Les secrets de Stradivari\" tabindex=\"-1\" >\n\t\t\tLEGGI DI PI\u00d9 \u00bb\t\t<\/a>\n\n\t\t\t\t<\/div>\n\t\t\t\t<div class=\"elementor-post__meta-data\">\n\t\t\t\t\t<span class=\"elementor-post-date\">\n\t\t\t09\/12\/2024\t\t<\/span>\n\t\t\t\t<\/div>\n\t\t\t\t\t<\/div>\n\t\t<\/article>\n\t\t\t\t<article class=\"elementor-post elementor-grid-item post-3655 post type-post status-publish format-standard has-post-thumbnail hentry category-uncategorized\" role=\"listitem\">\n\t\t\t<div class=\"elementor-post__card\">\n\t\t\t\t<a class=\"elementor-post__thumbnail__link\" href=\"https:\/\/fabriziovonarx.com\/it\/casa-stradivari-is-a-visionary-project-in-these-rooms-past-and-present-connect-looking-to-the-future\/\" tabindex=\"-1\" ><div class=\"elementor-post__thumbnail\"><img loading=\"lazy\" decoding=\"async\" width=\"2560\" height=\"1707\" src=\"https:\/\/fabriziovonarx.com\/wp-content\/uploads\/2024\/07\/f56c9017-7b80-201c-1b32-818838914b23-scaled.jpg\" class=\"attachment-full size-full wp-image-3666\" alt=\"\" srcset=\"https:\/\/fabriziovonarx.com\/wp-content\/uploads\/2024\/07\/f56c9017-7b80-201c-1b32-818838914b23-scaled.jpg 2560w, https:\/\/fabriziovonarx.com\/wp-content\/uploads\/2024\/07\/f56c9017-7b80-201c-1b32-818838914b23-300x200.jpg 300w, https:\/\/fabriziovonarx.com\/wp-content\/uploads\/2024\/07\/f56c9017-7b80-201c-1b32-818838914b23-1024x683.jpg 1024w, https:\/\/fabriziovonarx.com\/wp-content\/uploads\/2024\/07\/f56c9017-7b80-201c-1b32-818838914b23-768x512.jpg 768w, https:\/\/fabriziovonarx.com\/wp-content\/uploads\/2024\/07\/f56c9017-7b80-201c-1b32-818838914b23-1536x1024.jpg 1536w, https:\/\/fabriziovonarx.com\/wp-content\/uploads\/2024\/07\/f56c9017-7b80-201c-1b32-818838914b23-2048x1365.jpg 2048w, https:\/\/fabriziovonarx.com\/wp-content\/uploads\/2024\/07\/f56c9017-7b80-201c-1b32-818838914b23-18x12.jpg 18w\" sizes=\"(max-width: 2560px) 100vw, 2560px\" \/><\/div><\/a>\n\t\t\t\t<div class=\"elementor-post__text\">\n\t\t\t\t<h3 class=\"elementor-post__title\">\n\t\t\t<a href=\"https:\/\/fabriziovonarx.com\/it\/casa-stradivari-is-a-visionary-project-in-these-rooms-past-and-present-connect-looking-to-the-future\/\" >\n\t\t\t\tArtistic Residency &#8211; Maxim Vengerov\t\t\t<\/a>\n\t\t<\/h3>\n\t\t\t\t<div class=\"elementor-post__excerpt\">\n\t\t\t<p>\u00ab\u00a0Casa Stradivari is a visionary project.In these rooms past and present connect, looking to the future\u00a0\u00bb (Maxim Vengerov) Vid\u00e9o STRADIVARI KREUTZER 1727 BACK IN CREMONA<\/p>\n\t\t<\/div>\n\t\t\n\t\t<a class=\"elementor-post__read-more\" href=\"https:\/\/fabriziovonarx.com\/it\/casa-stradivari-is-a-visionary-project-in-these-rooms-past-and-present-connect-looking-to-the-future\/\" aria-label=\"Leggi tutto Artistic Residency &#8211; Maxim Vengerov\" tabindex=\"-1\" >\n\t\t\tLEGGI DI PI\u00d9 \u00bb\t\t<\/a>\n\n\t\t\t\t<\/div>\n\t\t\t\t<div class=\"elementor-post__meta-data\">\n\t\t\t\t\t<span class=\"elementor-post-date\">\n\t\t\t10\/07\/2024\t\t<\/span>\n\t\t\t\t<\/div>\n\t\t\t\t\t<\/div>\n\t\t<\/article>\n\t\t\t\t<article class=\"elementor-post elementor-grid-item post-3618 post type-post status-publish format-standard has-post-thumbnail hentry category-uncategorized\" role=\"listitem\">\n\t\t\t<div class=\"elementor-post__card\">\n\t\t\t\t<a class=\"elementor-post__thumbnail__link\" href=\"https:\/\/fabriziovonarx.com\/it\/stradivari-torna-a-casa\/\" tabindex=\"-1\" ><div class=\"elementor-post__thumbnail\"><img loading=\"lazy\" decoding=\"async\" width=\"1316\" height=\"544\" src=\"https:\/\/fabriziovonarx.com\/wp-content\/uploads\/2023\/07\/stradivari-torna-a-casa-banner.png\" class=\"attachment-full size-full wp-image-3619\" alt=\"\" srcset=\"https:\/\/fabriziovonarx.com\/wp-content\/uploads\/2023\/07\/stradivari-torna-a-casa-banner.png 1316w, https:\/\/fabriziovonarx.com\/wp-content\/uploads\/2023\/07\/stradivari-torna-a-casa-banner-300x124.png 300w, https:\/\/fabriziovonarx.com\/wp-content\/uploads\/2023\/07\/stradivari-torna-a-casa-banner-1024x423.png 1024w, https:\/\/fabriziovonarx.com\/wp-content\/uploads\/2023\/07\/stradivari-torna-a-casa-banner-768x317.png 768w, https:\/\/fabriziovonarx.com\/wp-content\/uploads\/2023\/07\/stradivari-torna-a-casa-banner-18x7.png 18w\" sizes=\"(max-width: 1316px) 100vw, 1316px\" \/><\/div><\/a>\n\t\t\t\t<div class=\"elementor-post__text\">\n\t\t\t\t<h3 class=\"elementor-post__title\">\n\t\t\t<a href=\"https:\/\/fabriziovonarx.com\/it\/stradivari-torna-a-casa\/\" >\n\t\t\t\tStradivari torna a casa\t\t\t<\/a>\n\t\t<\/h3>\n\t\t\t\t<div class=\"elementor-post__excerpt\">\n\t\t\t<p>A Cremona riapre la dimora del celebre liutaio abbandonata e restaurata in due anni e mezzo sar\u00e0 un officina per giovani artigiani \u00ab\u00a0Cos\u00ec impareranno a creare i grandi viollini\u00a0\u00bb <\/p>\n\t\t<\/div>\n\t\t\n\t\t<a class=\"elementor-post__read-more\" href=\"https:\/\/fabriziovonarx.com\/it\/stradivari-torna-a-casa\/\" aria-label=\"Leggi tutto Stradivari torna a casa\" tabindex=\"-1\" >\n\t\t\tLEGGI DI PI\u00d9 \u00bb\t\t<\/a>\n\n\t\t\t\t<\/div>\n\t\t\t\t<div class=\"elementor-post__meta-data\">\n\t\t\t\t\t<span class=\"elementor-post-date\">\n\t\t\t14\/07\/2023\t\t<\/span>\n\t\t\t\t<\/div>\n\t\t\t\t\t<\/div>\n\t\t<\/article>\n\t\t\t\t<article class=\"elementor-post elementor-grid-item post-3582 post type-post status-publish format-standard has-post-thumbnail hentry category-uncategorized\" role=\"listitem\">\n\t\t\t<div class=\"elementor-post__card\">\n\t\t\t\t<a class=\"elementor-post__thumbnail__link\" href=\"https:\/\/fabriziovonarx.com\/it\/une-nouvelle-ere-commence-a-casa-stradivari-un-lieu-de-rencontre-entre-lhistoire-et-lavenir-de-la-lutherie-et-des-jeunes-musiciens\/\" tabindex=\"-1\" ><div class=\"elementor-post__thumbnail\"><img loading=\"lazy\" decoding=\"async\" width=\"1920\" height=\"2560\" src=\"https:\/\/fabriziovonarx.com\/wp-content\/uploads\/2023\/07\/IMG_0680-scaled.jpeg\" class=\"attachment-full size-full wp-image-3602\" alt=\"\" srcset=\"https:\/\/fabriziovonarx.com\/wp-content\/uploads\/2023\/07\/IMG_0680-scaled.jpeg 1920w, https:\/\/fabriziovonarx.com\/wp-content\/uploads\/2023\/07\/IMG_0680-225x300.jpeg 225w, https:\/\/fabriziovonarx.com\/wp-content\/uploads\/2023\/07\/IMG_0680-768x1024.jpeg 768w, https:\/\/fabriziovonarx.com\/wp-content\/uploads\/2023\/07\/IMG_0680-1152x1536.jpeg 1152w, https:\/\/fabriziovonarx.com\/wp-content\/uploads\/2023\/07\/IMG_0680-1536x2048.jpeg 1536w, https:\/\/fabriziovonarx.com\/wp-content\/uploads\/2023\/07\/IMG_0680-9x12.jpeg 9w\" sizes=\"(max-width: 1920px) 100vw, 1920px\" \/><\/div><\/a>\n\t\t\t\t<div class=\"elementor-post__text\">\n\t\t\t\t<h3 class=\"elementor-post__title\">\n\t\t\t<a href=\"https:\/\/fabriziovonarx.com\/it\/une-nouvelle-ere-commence-a-casa-stradivari-un-lieu-de-rencontre-entre-lhistoire-et-lavenir-de-la-lutherie-et-des-jeunes-musiciens\/\" >\n\t\t\t\tUne nouvelle \u00e8re commence \u00e0 Casa Stradivari, un lieu de rencontre entre l&rsquo;histoire et l&rsquo;avenir de la lutherie et des jeunes musiciens.\t\t\t<\/a>\n\t\t<\/h3>\n\t\t\t\t<div class=\"elementor-post__excerpt\">\n\t\t\t<p>Apr\u00e8s un week-end rempli d&rsquo;\u00e9v\u00e9nements musicaux et culturels, nous sommes ravis de vous annoncer l&rsquo;inauguration officielle de Casa Stradivari, enti\u00e8rement restaur\u00e9e gr\u00e2ce \u00e0 l&rsquo;initiative inspirante<\/p>\n\t\t<\/div>\n\t\t\n\t\t<a class=\"elementor-post__read-more\" href=\"https:\/\/fabriziovonarx.com\/it\/une-nouvelle-ere-commence-a-casa-stradivari-un-lieu-de-rencontre-entre-lhistoire-et-lavenir-de-la-lutherie-et-des-jeunes-musiciens\/\" aria-label=\"Leggi tutto Une nouvelle \u00e8re commence \u00e0 Casa Stradivari, un lieu de rencontre entre l&rsquo;histoire et l&rsquo;avenir de la lutherie et des jeunes musiciens.\" tabindex=\"-1\" >\n\t\t\tLEGGI DI PI\u00d9 \u00bb\t\t<\/a>\n\n\t\t\t\t<\/div>\n\t\t\t\t<div class=\"elementor-post__meta-data\">\n\t\t\t\t\t<span class=\"elementor-post-date\">\n\t\t\t04\/07\/2023\t\t<\/span>\n\t\t\t\t<\/div>\n\t\t\t\t\t<\/div>\n\t\t<\/article>\n\t\t\t\t<\/div>\n\t\t\n\t\t\t\t\t\t<\/div>\n\t\t\t\t<\/div>\n\t\t\t\t\t<\/div>\n\t\t<\/div>\n\t\t\t\t\t<\/div>\n\t\t<\/section>\n\t\t\t\t<\/div>","protected":false},"excerpt":{"rendered":"<p>ACTUALIT\u00e9S L\u2019invention du violon est un pr\u00e9sage de musique : le violon est un prodige d\u2019\u00e2me et d\u2019\u00e9motion vibrante que chacun porte en soi Fabrizio von Arx<\/p>","protected":false},"author":3,"featured_media":3447,"parent":0,"menu_order":0,"comment_status":"closed","ping_status":"closed","template":"","meta":{"footnotes":""},"class_list":["post-2649","page","type-page","status-publish","has-post-thumbnail","hentry"],"_links":{"self":[{"href":"https:\/\/fabriziovonarx.com\/it\/wp-json\/wp\/v2\/pages\/2649","targetHints":{"allow":["GET"]}}],"collection":[{"href":"https:\/\/fabriziovonarx.com\/it\/wp-json\/wp\/v2\/pages"}],"about":[{"href":"https:\/\/fabriziovonarx.com\/it\/wp-json\/wp\/v2\/types\/page"}],"author":[{"embeddable":true,"href":"https:\/\/fabriziovonarx.com\/it\/wp-json\/wp\/v2\/users\/3"}],"replies":[{"embeddable":true,"href":"https:\/\/fabriziovonarx.com\/it\/wp-json\/wp\/v2\/comments?post=2649"}],"version-history":[{"count":0,"href":"https:\/\/fabriziovonarx.com\/it\/wp-json\/wp\/v2\/pages\/2649\/revisions"}],"wp:featuredmedia":[{"embeddable":true,"href":"https:\/\/fabriziovonarx.com\/it\/wp-json\/wp\/v2\/media\/3447"}],"wp:attachment":[{"href":"https:\/\/fabriziovonarx.com\/it\/wp-json\/wp\/v2\/media?parent=2649"}],"curies":[{"name":"wp","href":"https:\/\/api.w.org\/{rel}","templated":true}]}}